{"id":1301,"date":"2022-10-11T10:07:21","date_gmt":"2022-10-11T10:07:21","guid":{"rendered":"https:\/\/pizza-express-essen.de\/?page_id=1301"},"modified":"2023-03-11T13:22:09","modified_gmt":"2023-03-11T13:22:09","slug":"impressum","status":"publish","type":"page","link":"https:\/\/pizza-express-essen.de\/?page_id=1301","title":{"rendered":"Impressum"},"content":{"rendered":"\t\t<div data-elementor-type=\"wp-page\" data-elementor-id=\"1301\" class=\"elementor elementor-1301\">\n\t\t\t\t\t\t\t\t\t<section class=\"elementor-section elementor-top-section elementor-element elementor-element-26bb6d1 elementor-section-boxed elementor-section-height-default elementor-section-height-default\" data-id=\"26bb6d1\" data-element_type=\"section\" data-settings=\"{&quot;background_background&quot;:&quot;classic&quot;,&quot;shape_divider_bottom&quot;:&quot;curve&quot;,&quot;shape_divider_bottom_negative&quot;:&quot;yes&quot;}\">\n\t\t\t\t\t\t\t<div class=\"elementor-background-overlay\"><\/div>\n\t\t\t\t\t\t<div class=\"elementor-shape elementor-shape-bottom\" data-negative=\"true\">\n\t\t\t<svg xmlns=\"http:\/\/www.w3.org\/2000\/svg\" viewBox=\"0 0 1000 100\" preserveAspectRatio=\"none\">\n\t<path class=\"elementor-shape-fill\" d=\"M500,97C126.7,96.3,0.8,19.8,0,0v100l1000,0V1C1000,19.4,873.3,97.8,500,97z\"\/>\n<\/svg>\t\t<\/div>\n\t\t\t\t\t<div class=\"elementor-container elementor-column-gap-no\">\n\t\t\t\t\t<div class=\"elementor-column elementor-col-100 elementor-top-column elementor-element elementor-element-60e9944\" data-id=\"60e9944\" data-element_type=\"column\">\n\t\t\t<div class=\"elementor-widget-wrap elementor-element-populated\">\n\t\t\t\t\t\t\t\t<div class=\"elementor-element elementor-element-daead13 elementor-widget elementor-widget-heading\" data-id=\"daead13\" data-element_type=\"widget\" data-widget_type=\"heading.default\">\n\t\t\t\t<div class=\"elementor-widget-container\">\n\t\t\t<style>\/*! elementor - v3.18.0 - 20-12-2023 *\/\n.elementor-heading-title{padding:0;margin:0;line-height:1}.elementor-widget-heading .elementor-heading-title[class*=elementor-size-]>a{color:inherit;font-size:inherit;line-height:inherit}.elementor-widget-heading .elementor-heading-title.elementor-size-small{font-size:15px}.elementor-widget-heading .elementor-heading-title.elementor-size-medium{font-size:19px}.elementor-widget-heading .elementor-heading-title.elementor-size-large{font-size:29px}.elementor-widget-heading .elementor-heading-title.elementor-size-xl{font-size:39px}.elementor-widget-heading .elementor-heading-title.elementor-size-xxl{font-size:59px}<\/style><h1 class=\"elementor-heading-title elementor-size-default\">Impressum<\/h1>\t\t<\/div>\n\t\t\t\t<\/div>\n\t\t\t\t\t<\/div>\n\t\t<\/div>\n\t\t\t\t\t\t\t<\/div>\n\t\t<\/section>\n\t\t\t\t<section class=\"elementor-section elementor-top-section elementor-element elementor-element-043ff13 elementor-section-boxed elementor-section-height-default elementor-section-height-default\" data-id=\"043ff13\" data-element_type=\"section\" data-settings=\"{&quot;background_background&quot;:&quot;classic&quot;}\">\n\t\t\t\t\t\t<div class=\"elementor-container elementor-column-gap-no\">\n\t\t\t\t\t<div class=\"elementor-column elementor-col-100 elementor-top-column elementor-element elementor-element-f400485\" data-id=\"f400485\" data-element_type=\"column\">\n\t\t\t<div class=\"elementor-widget-wrap elementor-element-populated\">\n\t\t\t\t\t\t\t\t<div class=\"elementor-element elementor-element-7bdecee elementor-widget elementor-widget-text-editor\" data-id=\"7bdecee\" data-element_type=\"widget\" data-widget_type=\"text-editor.default\">\n\t\t\t\t<div class=\"elementor-widget-container\">\n\t\t\t<style>\/*! elementor - v3.18.0 - 20-12-2023 *\/\n.elementor-widget-text-editor.elementor-drop-cap-view-stacked .elementor-drop-cap{background-color:#69727d;color:#fff}.elementor-widget-text-editor.elementor-drop-cap-view-framed .elementor-drop-cap{color:#69727d;border:3px solid;background-color:transparent}.elementor-widget-text-editor:not(.elementor-drop-cap-view-default) .elementor-drop-cap{margin-top:8px}.elementor-widget-text-editor:not(.elementor-drop-cap-view-default) .elementor-drop-cap-letter{width:1em;height:1em}.elementor-widget-text-editor .elementor-drop-cap{float:left;text-align:center;line-height:1;font-size:50px}.elementor-widget-text-editor .elementor-drop-cap-letter{display:inline-block}<\/style>\t\t\t\t<h3>Angaben gem\u00e4\u00df \u00a7 5 TMG<\/h3><p>Mahir Lajqi<br \/>Pizzeria Imbiss<br \/>R\u00fcttenscheider Str. 130<br \/>45131 Essen<\/p><h3>Kontakt<\/h3><p>Telefon: +49-201-780354<br \/>E-Mail: info@pizza-express-essen.de<\/p><h3>Umsatzsteuer-ID<\/h3><p>Umsatzsteuer-Identifikationsnummer gem\u00e4\u00df \u00a727 a Umsatzsteuergesetz:<br \/>DE246809849<\/p><h3>Streitschlichtung<\/h3><p>Die Europ\u00e4ische Kommission stellt eine Plattform zur Online-Streitbeilegung (OS) bereit: <a href=\"https:\/\/ec.europa.eu\/consumers\/odr\" target=\"_blank\" rel=\"noopener noreferrer\">https:\/\/ec.europa.eu\/consumers\/odr<\/a>.<br \/>Unsere E-Mail-Adresse finden Sie oben im Impressum.<\/p><p>Wir sind nicht bereit oder verpflichtet, an Streitbeilegungsverfahren vor einer Verbraucherschlichtungsstelle teilzunehmen.<\/p><h3>Haftung f\u00fcr Inhalte<\/h3><p>Als Diensteanbieter sind wir gem\u00e4\u00df \u00a7 7 Abs.1 TMG f\u00fcr eigene Inhalte auf diesen Seiten nach den allgemeinen Gesetzen verantwortlich. Nach \u00a7\u00a7 8 bis 10 TMG sind wir als Diensteanbieter jedoch nicht verpflichtet, \u00fcbermittelte oder gespeicherte fremde Informationen zu \u00fcberwachen oder nach Umst\u00e4nden zu forschen, die auf eine rechtswidrige T\u00e4tigkeit hinweisen.<\/p><p>Verpflichtungen zur Entfernung oder Sperrung der Nutzung von Informationen nach den allgemeinen Gesetzen bleiben hiervon unber\u00fchrt. Eine diesbez\u00fcgliche Haftung ist jedoch erst ab dem Zeitpunkt der Kenntnis einer konkreten Rechtsverletzung m\u00f6glich. Bei Bekanntwerden von entsprechenden Rechtsverletzungen werden wir diese Inhalte umgehend entfernen.<\/p><h3>Haftung f\u00fcr Links<\/h3><p>Unser Angebot enth\u00e4lt Links zu externen Websites Dritter, auf deren Inhalte wir keinen Einfluss haben. Deshalb k\u00f6nnen wir f\u00fcr diese fremden Inhalte auch keine Gew\u00e4hr \u00fcbernehmen. F\u00fcr die Inhalte der verlinkten Seiten ist stets der jeweilige Anbieter oder Betreiber der Seiten verantwortlich. Die verlinkten Seiten wurden zum Zeitpunkt der Verlinkung auf m\u00f6gliche Rechtsverst\u00f6\u00dfe \u00fcberpr\u00fcft. Rechtswidrige Inhalte waren zum Zeitpunkt der Verlinkung nicht erkennbar.<\/p><p>Eine permanente inhaltliche Kontrolle der verlinkten Seiten ist jedoch ohne konkrete Anhaltspunkte einer Rechtsverletzung nicht zumutbar. Bei Bekanntwerden von Rechtsverletzungen werden wir derartige Links umgehend entfernen.<\/p><h3>Urheberrecht<\/h3><p>Die durch die Seitenbetreiber erstellten Inhalte und Werke auf diesen Seiten unterliegen dem deutschen Urheberrecht. Die Vervielf\u00e4ltigung, Bearbeitung, Verbreitung und jede Art der Verwertung au\u00dferhalb der Grenzen des Urheberrechtes bed\u00fcrfen der schriftlichen Zustimmung des jeweiligen Autors bzw. Erstellers. Downloads und Kopien dieser Seite sind nur f\u00fcr den privaten, nicht kommerziellen Gebrauch gestattet.<\/p><p>Soweit die Inhalte auf dieser Seite nicht vom Betreiber erstellt wurden, werden die Urheberrechte Dritter beachtet. Insbesondere werden Inhalte Dritter als solche gekennzeichnet. Sollten Sie trotzdem auf eine Urheberrechtsverletzung aufmerksam werden, bitten wir um einen entsprechenden Hinweis. Bei Bekanntwerden von Rechtsverletzungen werden wir derartige Inhalte umgehend entfernen.<\/p><p><strong>Quellenangaben f\u00fcr die verwendeten Bilder und Grafiken<\/strong><br \/><a href=\"http:\/\/deutsch.istockphoto.com\/\" target=\"_blank\" rel=\"noopener noreferrer\">http:\/\/deutsch.istockphoto.com\/<\/a><br \/>barol16<\/p><p><a href=\"http:\/\/deutsch.istockphoto.com\/\" target=\"_blank\" rel=\"noopener noreferrer\">http:\/\/deutsch.istockphoto.com\/<\/a><br \/>Ryzhkov<\/p><p><a href=\"http:\/\/deutsch.istockphoto.com\/\" target=\"_blank\" rel=\"noopener noreferrer\">http:\/\/deutsch.istockphoto.com\/<\/a><br \/>olgna<\/p><p><a href=\"http:\/\/deutsch.istockphoto.com\/\" target=\"_blank\" rel=\"noopener noreferrer\">http:\/\/deutsch.istockphoto.com\/<\/a><br \/>danp68<\/p><p><a href=\"http:\/\/deutsch.istockphoto.com\/\" target=\"_blank\" rel=\"noopener noreferrer\">http:\/\/deutsch.istockphoto.com\/<\/a><br \/>Dar1930<\/p><p><a href=\"http:\/\/deutsch.istockphoto.com\/\" target=\"_blank\" rel=\"noopener noreferrer\">http:\/\/deutsch.istockphoto.com\/<\/a><br \/>fotograv \/ Antonio Gravante<\/p><p><a href=\"http:\/\/deutsch.istockphoto.com\/\" target=\"_blank\" rel=\"noopener noreferrer\">http:\/\/deutsch.istockphoto.com\/<\/a><br \/>draganadutina<\/p><p><a href=\"http:\/\/deutsch.istockphoto.com\/\" target=\"_blank\" rel=\"noopener noreferrer\">http:\/\/deutsch.istockphoto.com\/<\/a><br \/>ivanmateev<\/p>\t\t\t\t\t\t<\/div>\n\t\t\t\t<\/div>\n\t\t\t\t\t<\/div>\n\t\t<\/div>\n\t\t\t\t\t\t\t<\/div>\n\t\t<\/section>\n\t\t\t\t\t\t\t<\/div>\n\t\t","protected":false},"excerpt":{"rendered":"<p>Impressum Angaben gem\u00e4\u00df \u00a7 5 TMG Mahir LajqiPizzeria ImbissR\u00fcttenscheider Str. 13045131 Essen Kontakt Telefon: +49-201-780354E-Mail: info@pizza-express-essen.de Umsatzsteuer-ID Umsatzsteuer-Identifikationsnummer gem\u00e4\u00df \u00a727 a Umsatzsteuergesetz:DE246809849 Streitschlichtung Die Europ\u00e4ische Kommission stellt eine Plattform zur Online-Streitbeilegung (OS) bereit: https:\/\/ec.europa.eu\/consumers\/odr.Unsere E-Mail-Adresse finden Sie oben im Impressum. Wir sind nicht bereit oder verpflichtet, an Streitbeilegungsverfahren vor einer Verbraucherschlichtungsstelle teilzunehmen. Haftung f\u00fcr Inhalte [&hellip;]<\/p>\n","protected":false},"author":1,"featured_media":0,"parent":0,"menu_order":0,"comment_status":"closed","ping_status":"closed","template":"","meta":{"inline_featured_image":false,"site-sidebar-layout":"no-sidebar","site-content-layout":"page-builder","ast-site-content-layout":"","site-content-style":"default","site-sidebar-style":"default","ast-global-header-display":"","ast-banner-title-visibility":"","ast-main-header-display":"","ast-hfb-above-header-display":"","ast-hfb-below-header-display":"","ast-hfb-mobile-header-display":"","site-post-title":"disabled","ast-breadcrumbs-content":"disabled","ast-featured-img":"disabled","footer-sml-layout":"","theme-transparent-header-meta":"enabled","adv-header-id-meta":"","stick-header-meta":"","header-above-stick-meta":"","header-main-stick-meta":"","header-below-stick-meta":"","astra-migrate-meta-layouts":"default","ast-page-background-enabled":"default","ast-page-background-meta":{"desktop":{"background-color":"","background-image":"","background-repeat":"repeat","background-position":"center center","background-size":"auto","background-attachment":"scroll","background-type":"","background-media":"","overlay-type":"","overlay-color":"","overlay-gradient":""},"tablet":{"background-color":"","background-image":"","background-repeat":"repeat","background-position":"center center","background-size":"auto","background-attachment":"scroll","background-type":"","background-media":"","overlay-type":"","overlay-color":"","overlay-gradient":""},"mobile":{"background-color":"","background-image":"","background-repeat":"repeat","background-position":"center center","background-size":"auto","background-attachment":"scroll","background-type":"","background-media":"","overlay-type":"","overlay-color":"","overlay-gradient":""}},"ast-content-background-meta":{"desktop":{"background-color":"var(--ast-global-color-5)","background-image":"","background-repeat":"repeat","background-position":"center center","background-size":"auto","background-attachment":"scroll","background-type":"","background-media":"","overlay-type":"","overlay-color":"","overlay-gradient":""},"tablet":{"background-color":"var(--ast-global-color-5)","background-image":"","background-repeat":"repeat","background-position":"center center","background-size":"auto","background-attachment":"scroll","background-type":"","background-media":"","overlay-type":"","overlay-color":"","overlay-gradient":""},"mobile":{"background-color":"var(--ast-global-color-5)","background-image":"","background-repeat":"repeat","background-position":"center center","background-size":"auto","background-attachment":"scroll","background-type":"","background-media":"","overlay-type":"","overlay-color":"","overlay-gradient":""}},"footnotes":""},"class_list":["post-1301","page","type-page","status-publish","hentry"],"yoast_head":"<!-- This site is optimized with the Yoast SEO plugin v21.9.1 - https:\/\/yoast.com\/wordpress\/plugins\/seo\/ -->\n<title>Impressum - Pizza Express - Essen R\u00fcttenscheid<\/title>\n<meta name=\"robots\" content=\"index, follow, max-snippet:-1, max-image-preview:large, max-video-preview:-1\" \/>\n<link rel=\"canonical\" href=\"https:\/\/pizza-express-essen.de\/?page_id=1301\" \/>\n<meta property=\"og:locale\" content=\"de_DE\" \/>\n<meta property=\"og:type\" content=\"article\" \/>\n<meta property=\"og:title\" content=\"Impressum - Pizza Express - Essen R\u00fcttenscheid\" \/>\n<meta property=\"og:description\" content=\"Impressum Angaben gem\u00e4\u00df \u00a7 5 TMG Mahir LajqiPizzeria ImbissR\u00fcttenscheider Str. 13045131 Essen Kontakt Telefon: +49-201-780354E-Mail: info@pizza-express-essen.de Umsatzsteuer-ID Umsatzsteuer-Identifikationsnummer gem\u00e4\u00df \u00a727 a Umsatzsteuergesetz:DE246809849 Streitschlichtung Die Europ\u00e4ische Kommission stellt eine Plattform zur Online-Streitbeilegung (OS) bereit: https:\/\/ec.europa.eu\/consumers\/odr.Unsere E-Mail-Adresse finden Sie oben im Impressum. Wir sind nicht bereit oder verpflichtet, an Streitbeilegungsverfahren vor einer Verbraucherschlichtungsstelle teilzunehmen. Haftung f\u00fcr Inhalte [&hellip;]\" \/>\n<meta property=\"og:url\" content=\"https:\/\/pizza-express-essen.de\/?page_id=1301\" \/>\n<meta property=\"og:site_name\" content=\"Pizza Express - Essen R\u00fcttenscheid\" \/>\n<meta property=\"article:modified_time\" content=\"2023-03-11T13:22:09+00:00\" \/>\n<meta name=\"twitter:card\" content=\"summary_large_image\" \/>\n<meta name=\"twitter:label1\" content=\"Gesch\u00e4tzte Lesezeit\" \/>\n\t<meta name=\"twitter:data1\" content=\"3\u00a0Minuten\" \/>\n<script type=\"application\/ld+json\" class=\"yoast-schema-graph\">{\"@context\":\"https:\/\/schema.org\",\"@graph\":[{\"@type\":\"WebPage\",\"@id\":\"https:\/\/pizza-express-essen.de\/?page_id=1301\",\"url\":\"https:\/\/pizza-express-essen.de\/?page_id=1301\",\"name\":\"Impressum - Pizza Express - Essen R\u00fcttenscheid\",\"isPartOf\":{\"@id\":\"https:\/\/pizza-express-essen.de\/#website\"},\"datePublished\":\"2022-10-11T10:07:21+00:00\",\"dateModified\":\"2023-03-11T13:22:09+00:00\",\"breadcrumb\":{\"@id\":\"https:\/\/pizza-express-essen.de\/?page_id=1301#breadcrumb\"},\"inLanguage\":\"de\",\"potentialAction\":[{\"@type\":\"ReadAction\",\"target\":[\"https:\/\/pizza-express-essen.de\/?page_id=1301\"]}]},{\"@type\":\"BreadcrumbList\",\"@id\":\"https:\/\/pizza-express-essen.de\/?page_id=1301#breadcrumb\",\"itemListElement\":[{\"@type\":\"ListItem\",\"position\":1,\"name\":\"Startseite\",\"item\":\"https:\/\/pizza-express-essen.de\/\"},{\"@type\":\"ListItem\",\"position\":2,\"name\":\"Impressum\"}]},{\"@type\":\"WebSite\",\"@id\":\"https:\/\/pizza-express-essen.de\/#website\",\"url\":\"https:\/\/pizza-express-essen.de\/\",\"name\":\"Pizza Express - Essen R\u00fcttenscheid\",\"description\":\"Just another WordPress site\",\"publisher\":{\"@id\":\"https:\/\/pizza-express-essen.de\/#organization\"},\"potentialAction\":[{\"@type\":\"SearchAction\",\"target\":{\"@type\":\"EntryPoint\",\"urlTemplate\":\"https:\/\/pizza-express-essen.de\/?s={search_term_string}\"},\"query-input\":\"required name=search_term_string\"}],\"inLanguage\":\"de\"},{\"@type\":\"Organization\",\"@id\":\"https:\/\/pizza-express-essen.de\/#organization\",\"name\":\"Pizza Express - Essen R\u00fcttenscheid\",\"url\":\"https:\/\/pizza-express-essen.de\/\",\"logo\":{\"@type\":\"ImageObject\",\"inLanguage\":\"de\",\"@id\":\"https:\/\/pizza-express-essen.de\/#\/schema\/logo\/image\/\",\"url\":\"https:\/\/pizza-express-essen.de\/wp-content\/uploads\/2022\/10\/pizzaexpress_logo.png\",\"contentUrl\":\"https:\/\/pizza-express-essen.de\/wp-content\/uploads\/2022\/10\/pizzaexpress_logo.png\",\"width\":379,\"height\":74,\"caption\":\"Pizza Express - Essen R\u00fcttenscheid\"},\"image\":{\"@id\":\"https:\/\/pizza-express-essen.de\/#\/schema\/logo\/image\/\"}}]}<\/script>\n<!-- \/ Yoast SEO plugin. -->","yoast_head_json":{"title":"Impressum - Pizza Express - Essen R\u00fcttenscheid","robots":{"index":"index","follow":"follow","max-snippet":"max-snippet:-1","max-image-preview":"max-image-preview:large","max-video-preview":"max-video-preview:-1"},"canonical":"https:\/\/pizza-express-essen.de\/?page_id=1301","og_locale":"de_DE","og_type":"article","og_title":"Impressum - Pizza Express - Essen R\u00fcttenscheid","og_description":"Impressum Angaben gem\u00e4\u00df \u00a7 5 TMG Mahir LajqiPizzeria ImbissR\u00fcttenscheider Str. 13045131 Essen Kontakt Telefon: +49-201-780354E-Mail: info@pizza-express-essen.de Umsatzsteuer-ID Umsatzsteuer-Identifikationsnummer gem\u00e4\u00df \u00a727 a Umsatzsteuergesetz:DE246809849 Streitschlichtung Die Europ\u00e4ische Kommission stellt eine Plattform zur Online-Streitbeilegung (OS) bereit: https:\/\/ec.europa.eu\/consumers\/odr.Unsere E-Mail-Adresse finden Sie oben im Impressum. Wir sind nicht bereit oder verpflichtet, an Streitbeilegungsverfahren vor einer Verbraucherschlichtungsstelle teilzunehmen. Haftung f\u00fcr Inhalte [&hellip;]","og_url":"https:\/\/pizza-express-essen.de\/?page_id=1301","og_site_name":"Pizza Express - Essen R\u00fcttenscheid","article_modified_time":"2023-03-11T13:22:09+00:00","twitter_card":"summary_large_image","twitter_misc":{"Gesch\u00e4tzte Lesezeit":"3\u00a0Minuten"},"schema":{"@context":"https:\/\/schema.org","@graph":[{"@type":"WebPage","@id":"https:\/\/pizza-express-essen.de\/?page_id=1301","url":"https:\/\/pizza-express-essen.de\/?page_id=1301","name":"Impressum - Pizza Express - Essen R\u00fcttenscheid","isPartOf":{"@id":"https:\/\/pizza-express-essen.de\/#website"},"datePublished":"2022-10-11T10:07:21+00:00","dateModified":"2023-03-11T13:22:09+00:00","breadcrumb":{"@id":"https:\/\/pizza-express-essen.de\/?page_id=1301#breadcrumb"},"inLanguage":"de","potentialAction":[{"@type":"ReadAction","target":["https:\/\/pizza-express-essen.de\/?page_id=1301"]}]},{"@type":"BreadcrumbList","@id":"https:\/\/pizza-express-essen.de\/?page_id=1301#breadcrumb","itemListElement":[{"@type":"ListItem","position":1,"name":"Startseite","item":"https:\/\/pizza-express-essen.de\/"},{"@type":"ListItem","position":2,"name":"Impressum"}]},{"@type":"WebSite","@id":"https:\/\/pizza-express-essen.de\/#website","url":"https:\/\/pizza-express-essen.de\/","name":"Pizza Express - Essen R\u00fcttenscheid","description":"Just another WordPress site","publisher":{"@id":"https:\/\/pizza-express-essen.de\/#organization"},"potentialAction":[{"@type":"SearchAction","target":{"@type":"EntryPoint","urlTemplate":"https:\/\/pizza-express-essen.de\/?s={search_term_string}"},"query-input":"required name=search_term_string"}],"inLanguage":"de"},{"@type":"Organization","@id":"https:\/\/pizza-express-essen.de\/#organization","name":"Pizza Express - Essen R\u00fcttenscheid","url":"https:\/\/pizza-express-essen.de\/","logo":{"@type":"ImageObject","inLanguage":"de","@id":"https:\/\/pizza-express-essen.de\/#\/schema\/logo\/image\/","url":"https:\/\/pizza-express-essen.de\/wp-content\/uploads\/2022\/10\/pizzaexpress_logo.png","contentUrl":"https:\/\/pizza-express-essen.de\/wp-content\/uploads\/2022\/10\/pizzaexpress_logo.png","width":379,"height":74,"caption":"Pizza Express - Essen R\u00fcttenscheid"},"image":{"@id":"https:\/\/pizza-express-essen.de\/#\/schema\/logo\/image\/"}}]}},"_links":{"self":[{"href":"https:\/\/pizza-express-essen.de\/index.php?rest_route=\/wp\/v2\/pages\/1301","targetHints":{"allow":["GET"]}}],"collection":[{"href":"https:\/\/pizza-express-essen.de\/index.php?rest_route=\/wp\/v2\/pages"}],"about":[{"href":"https:\/\/pizza-express-essen.de\/index.php?rest_route=\/wp\/v2\/types\/page"}],"author":[{"embeddable":true,"href":"https:\/\/pizza-express-essen.de\/index.php?rest_route=\/wp\/v2\/users\/1"}],"replies":[{"embeddable":true,"href":"https:\/\/pizza-express-essen.de\/index.php?rest_route=%2Fwp%2Fv2%2Fcomments&post=1301"}],"version-history":[{"count":13,"href":"https:\/\/pizza-express-essen.de\/index.php?rest_route=\/wp\/v2\/pages\/1301\/revisions"}],"predecessor-version":[{"id":1441,"href":"https:\/\/pizza-express-essen.de\/index.php?rest_route=\/wp\/v2\/pages\/1301\/revisions\/1441"}],"wp:attachment":[{"href":"https:\/\/pizza-express-essen.de\/index.php?rest_route=%2Fwp%2Fv2%2Fmedia&parent=1301"}],"curies":[{"name":"wp","href":"https:\/\/api.w.org\/{rel}","templated":true}]}}